{"id":1013,"date":"2015-11-22T21:39:19","date_gmt":"2015-11-22T20:39:19","guid":{"rendered":"http:\/\/sop-records.org\/?page_id=1013"},"modified":"2018-04-30T09:53:56","modified_gmt":"2018-04-30T07:53:56","slug":"rimjob-texas","status":"publish","type":"page","link":"https:\/\/sop-records.org\/?page_id=1013","title":{"rendered":"Rimjob Texas"},"content":{"rendered":"<p>Najprvo fali\u010dni trio. Veliko \u0161vica in ogromni kohones. Trda godba. Potem prva poved odpade, raznotere kadrovske mahinacije. \u0110em.<\/p>\n","protected":false},"excerpt":{"rendered":"<p>Najprvo fali\u010dni trio. Veliko \u0161vica in ogromni kohones. Trda godba. Potem prva poved odpade, raznotere kadrovske mahinacije. \u0110em.<\/p>\n","protected":false},"author":1,"featured_media":1014,"parent":17,"menu_order":0,"comment_status":"closed","ping_status":"closed","template":"artist.php","meta":{"footnotes":""},"class_list":["post-1013","page","type-page","status-publish","has-post-thumbnail","hentry"],"wps_subtitle":"","_links":{"self":[{"href":"https:\/\/sop-records.org\/index.php?rest_route=\/wp\/v2\/pages\/1013","targetHints":{"allow":["GET"]}}],"collection":[{"href":"https:\/\/sop-records.org\/index.php?rest_route=\/wp\/v2\/pages"}],"about":[{"href":"https:\/\/sop-records.org\/index.php?rest_route=\/wp\/v2\/types\/page"}],"author":[{"embeddable":true,"href":"https:\/\/sop-records.org\/index.php?rest_route=\/wp\/v2\/users\/1"}],"replies":[{"embeddable":true,"href":"https:\/\/sop-records.org\/index.php?rest_route=%2Fwp%2Fv2%2Fcomments&post=1013"}],"version-history":[{"count":4,"href":"https:\/\/sop-records.org\/index.php?rest_route=\/wp\/v2\/pages\/1013\/revisions"}],"predecessor-version":[{"id":1797,"href":"https:\/\/sop-records.org\/index.php?rest_route=\/wp\/v2\/pages\/1013\/revisions\/1797"}],"up":[{"embeddable":true,"href":"https:\/\/sop-records.org\/index.php?rest_route=\/wp\/v2\/pages\/17"}],"wp:featuredmedia":[{"embeddable":true,"href":"https:\/\/sop-records.org\/index.php?rest_route=\/wp\/v2\/media\/1014"}],"wp:attachment":[{"href":"https:\/\/sop-records.org\/index.php?rest_route=%2Fwp%2Fv2%2Fmedia&parent=1013"}],"curies":[{"name":"wp","href":"https:\/\/api.w.org\/{rel}","templated":true}]}}