{"id":1019,"date":"2015-12-02T13:20:43","date_gmt":"2015-12-02T12:20:43","guid":{"rendered":"http:\/\/sop-records.org\/?page_id=1019"},"modified":"2020-05-27T13:47:45","modified_gmt":"2020-05-27T11:47:45","slug":"hrvoje-chevy-hladnik","status":"publish","type":"page","link":"https:\/\/sop-records.org\/?page_id=1019","title":{"rendered":"Hrvoje &#8216;Chevy&#8217; Hladnik"},"content":{"rendered":"<p>Master majstor zalo\u017ebe. Hi\u0161ni pleskar prepoznavnega \u0160OP sounda.<\/p>\n<p>&nbsp;<\/p>\n<p><em>mel v osnovni \u0161pil street rod, izdan leta 89, dogaja se v letu 63<\/em><\/p>\n<p><em>kupuje\u0161 rabljene avte, jih napedena\u0161, zamenja\u0161 motor, menjalnik in pol dirka\u0161<\/em><\/p>\n<p><em>en najslab\u0161ih avtov se je imenoval hrvoje hladnik, noben se ni bunil<\/em><\/p>\n<p><em>pozabm in kakih 10, 15 let kasnej potankam \u0161pil in tega avta ni ve\u010d, ampak je nek chevrolet 2dr whatevr<\/em><\/p>\n<p><em>mal guglfu, se izka\u017ee, da smo mel \u0161pil skrekan od enga hrvata, k je spremenu ime tega avta v svojga, temu djudu ime kajpak hrvoje hladnik<\/em><\/p>\n<p><em>homa\u017e djudu<\/em><\/p>\n<p>&nbsp;<\/p>\n<p>IDENTITETNE POLITIKE:<\/p>\n<p>&nbsp;<\/p>\n<blockquote class=\"wp-embedded-content\" data-secret=\"jBSpmG9GyI\"><p><a href=\"https:\/\/sop-records.org\/?page_id=283\">Bushkapyetta<\/a><\/p><\/blockquote>\n<p><iframe loading=\"lazy\" class=\"wp-embedded-content\" sandbox=\"allow-scripts\" security=\"restricted\" style=\"position: absolute; clip: rect(1px, 1px, 1px, 1px);\" title=\"&#8220;Bushkapyetta&#8221; &#8212; \u0160OP Records\" src=\"https:\/\/sop-records.org\/?page_id=283&#038;embed=true#?secret=33Hz9xSPWp#?secret=jBSpmG9GyI\" data-secret=\"jBSpmG9GyI\" width=\"500\" height=\"282\" frameborder=\"0\" marginwidth=\"0\" marginheight=\"0\" scrolling=\"no\"><\/iframe><\/p>\n<blockquote class=\"wp-embedded-content\" data-secret=\"JLhNIMLlYA\"><p><a href=\"https:\/\/sop-records.org\/?page_id=695\">Dishimir &#038; Bazdiman<\/a><\/p><\/blockquote>\n<p><iframe loading=\"lazy\" class=\"wp-embedded-content\" sandbox=\"allow-scripts\" security=\"restricted\" style=\"position: absolute; clip: rect(1px, 1px, 1px, 1px);\" title=\"&#8220;Dishimir &#038; Bazdiman&#8221; &#8212; \u0160OP Records\" src=\"https:\/\/sop-records.org\/?page_id=695&#038;embed=true#?secret=20DY3UeQea#?secret=JLhNIMLlYA\" data-secret=\"JLhNIMLlYA\" width=\"500\" height=\"282\" frameborder=\"0\" marginwidth=\"0\" marginheight=\"0\" scrolling=\"no\"><\/iframe><\/p>\n<blockquote class=\"wp-embedded-content\" data-secret=\"ZhEzcrCtkj\"><p><a href=\"https:\/\/sop-records.org\/?page_id=165\">Dra\u017een Stjepanovi\u0107<\/a><\/p><\/blockquote>\n<p><iframe loading=\"lazy\" class=\"wp-embedded-content\" sandbox=\"allow-scripts\" security=\"restricted\" style=\"position: absolute; clip: rect(1px, 1px, 1px, 1px);\" title=\"&#8220;Dra\u017een Stjepanovi\u0107&#8221; &#8212; \u0160OP Records\" src=\"https:\/\/sop-records.org\/?page_id=165&#038;embed=true#?secret=WjGiue855V#?secret=ZhEzcrCtkj\" data-secret=\"ZhEzcrCtkj\" width=\"500\" height=\"282\" frameborder=\"0\" marginwidth=\"0\" marginheight=\"0\" scrolling=\"no\"><\/iframe><\/p>\n<blockquote class=\"wp-embedded-content\" data-secret=\"K74R4TJPWM\"><p><a href=\"https:\/\/sop-records.org\/?page_id=19\">Jozo Elektronik<\/a><\/p><\/blockquote>\n<p><iframe loading=\"lazy\" class=\"wp-embedded-content\" sandbox=\"allow-scripts\" security=\"restricted\" style=\"position: absolute; clip: rect(1px, 1px, 1px, 1px);\" title=\"&#8220;Jozo Elektronik&#8221; &#8212; \u0160OP Records\" src=\"https:\/\/sop-records.org\/?page_id=19&#038;embed=true#?secret=waajU8o0z4#?secret=K74R4TJPWM\" data-secret=\"K74R4TJPWM\" width=\"500\" height=\"282\" frameborder=\"0\" marginwidth=\"0\" marginheight=\"0\" scrolling=\"no\"><\/iframe><\/p>\n<blockquote class=\"wp-embedded-content\" data-secret=\"oYULGXuBPf\"><p><a href=\"https:\/\/sop-records.org\/?page_id=699\">KL<\/a><\/p><\/blockquote>\n<p><iframe loading=\"lazy\" class=\"wp-embedded-content\" sandbox=\"allow-scripts\" security=\"restricted\" style=\"position: absolute; clip: rect(1px, 1px, 1px, 1px);\" title=\"&#8220;KL&#8221; &#8212; \u0160OP Records\" src=\"https:\/\/sop-records.org\/?page_id=699&#038;embed=true#?secret=hXgXxC5FOj#?secret=oYULGXuBPf\" data-secret=\"oYULGXuBPf\" width=\"500\" height=\"282\" frameborder=\"0\" marginwidth=\"0\" marginheight=\"0\" scrolling=\"no\"><\/iframe><\/p>\n<blockquote class=\"wp-embedded-content\" data-secret=\"xcBQXWfuqe\"><p><a href=\"https:\/\/sop-records.org\/?page_id=1116\">Moot Moon<\/a><\/p><\/blockquote>\n<p><iframe loading=\"lazy\" class=\"wp-embedded-content\" sandbox=\"allow-scripts\" security=\"restricted\" style=\"position: absolute; clip: rect(1px, 1px, 1px, 1px);\" title=\"&#8220;Moot Moon&#8221; &#8212; \u0160OP Records\" src=\"https:\/\/sop-records.org\/?page_id=1116&#038;embed=true#?secret=WrBNVMftDU#?secret=xcBQXWfuqe\" data-secret=\"xcBQXWfuqe\" width=\"500\" height=\"282\" frameborder=\"0\" marginwidth=\"0\" marginheight=\"0\" scrolling=\"no\"><\/iframe><\/p>\n<blockquote class=\"wp-embedded-content\" data-secret=\"285jKumarH\"><p><a href=\"https:\/\/sop-records.org\/?page_id=173\">Patak Filip<\/a><\/p><\/blockquote>\n<p><iframe loading=\"lazy\" class=\"wp-embedded-content\" sandbox=\"allow-scripts\" security=\"restricted\" style=\"position: absolute; clip: rect(1px, 1px, 1px, 1px);\" title=\"&#8220;Patak Filip&#8221; &#8212; \u0160OP Records\" src=\"https:\/\/sop-records.org\/?page_id=173&#038;embed=true#?secret=FBdtv1MXQ2#?secret=285jKumarH\" data-secret=\"285jKumarH\" width=\"500\" height=\"282\" frameborder=\"0\" marginwidth=\"0\" marginheight=\"0\" scrolling=\"no\"><\/iframe><\/p>\n<blockquote class=\"wp-embedded-content\" data-secret=\"Cu7OpSvvZA\"><p><a href=\"https:\/\/sop-records.org\/?page_id=1022\">Tihomir Toplishek<\/a><\/p><\/blockquote>\n<p><iframe loading=\"lazy\" class=\"wp-embedded-content\" sandbox=\"allow-scripts\" security=\"restricted\" style=\"position: absolute; clip: rect(1px, 1px, 1px, 1px);\" title=\"&#8220;Tihomir Toplishek&#8221; &#8212; \u0160OP Records\" src=\"https:\/\/sop-records.org\/?page_id=1022&#038;embed=true#?secret=wjFUDhwiK3#?secret=Cu7OpSvvZA\" data-secret=\"Cu7OpSvvZA\" width=\"500\" height=\"282\" frameborder=\"0\" marginwidth=\"0\" marginheight=\"0\" scrolling=\"no\"><\/iframe><\/p>\n<blockquote class=\"wp-embedded-content\" data-secret=\"nNlCNknTPi\"><p><a href=\"https:\/\/sop-records.org\/?page_id=1617\">\u017dongler Mastif<\/a><\/p><\/blockquote>\n<p><iframe loading=\"lazy\" class=\"wp-embedded-content\" sandbox=\"allow-scripts\" security=\"restricted\" style=\"position: absolute; clip: rect(1px, 1px, 1px, 1px);\" title=\"&#8220;\u017dongler Mastif&#8221; &#8212; \u0160OP Records\" src=\"https:\/\/sop-records.org\/?page_id=1617&#038;embed=true#?secret=NiUWKbij5P#?secret=nNlCNknTPi\" data-secret=\"nNlCNknTPi\" width=\"500\" height=\"282\" frameborder=\"0\" marginwidth=\"0\" marginheight=\"0\" scrolling=\"no\"><\/iframe><\/p>\n","protected":false},"excerpt":{"rendered":"<p>Master majstor zalo\u017ebe. Hi\u0161ni pleskar prepoznavnega \u0160OP sounda. &nbsp; mel v osnovni \u0161pil street rod, izdan leta 89, dogaja se v letu 63 kupuje\u0161 rabljene avte, jih napedena\u0161, zamenja\u0161 motor, menjalnik in pol dirka\u0161 en najslab\u0161ih avtov se je imenoval hrvoje hladnik, noben se ni bunil pozabm in kakih 10, 15 let kasnej potankam \u0161pil [&hellip;]<\/p>\n","protected":false},"author":1,"featured_media":1021,"parent":17,"menu_order":0,"comment_status":"closed","ping_status":"closed","template":"artist.php","meta":{"footnotes":""},"class_list":["post-1019","page","type-page","status-publish","has-post-thumbnail","hentry"],"wps_subtitle":"","_links":{"self":[{"href":"https:\/\/sop-records.org\/index.php?rest_route=\/wp\/v2\/pages\/1019","targetHints":{"allow":["GET"]}}],"collection":[{"href":"https:\/\/sop-records.org\/index.php?rest_route=\/wp\/v2\/pages"}],"about":[{"href":"https:\/\/sop-records.org\/index.php?rest_route=\/wp\/v2\/types\/page"}],"author":[{"embeddable":true,"href":"https:\/\/sop-records.org\/index.php?rest_route=\/wp\/v2\/users\/1"}],"replies":[{"embeddable":true,"href":"https:\/\/sop-records.org\/index.php?rest_route=%2Fwp%2Fv2%2Fcomments&post=1019"}],"version-history":[{"count":3,"href":"https:\/\/sop-records.org\/index.php?rest_route=\/wp\/v2\/pages\/1019\/revisions"}],"predecessor-version":[{"id":1798,"href":"https:\/\/sop-records.org\/index.php?rest_route=\/wp\/v2\/pages\/1019\/revisions\/1798"}],"up":[{"embeddable":true,"href":"https:\/\/sop-records.org\/index.php?rest_route=\/wp\/v2\/pages\/17"}],"wp:featuredmedia":[{"embeddable":true,"href":"https:\/\/sop-records.org\/index.php?rest_route=\/wp\/v2\/media\/1021"}],"wp:attachment":[{"href":"https:\/\/sop-records.org\/index.php?rest_route=%2Fwp%2Fv2%2Fmedia&parent=1019"}],"curies":[{"name":"wp","href":"https:\/\/api.w.org\/{rel}","templated":true}]}}