{"id":165,"date":"2014-02-05T20:32:16","date_gmt":"2014-02-05T19:32:16","guid":{"rendered":"http:\/\/sop-records.org\/?page_id=165"},"modified":"2018-02-16T11:21:41","modified_gmt":"2018-02-16T10:21:41","slug":"drazen-stjepanovic","status":"publish","type":"page","link":"https:\/\/sop-records.org\/?page_id=165","title":{"rendered":"Dra\u017een Stjepanovi\u0107"},"content":{"rendered":"<p>Kitarist improvizator. Zaljubljenec v petdeseta, \u0161estdeseta, sedemdeseta, osemdeseta in devetdeseta leta dvajsetega stoletja.<\/p>\n","protected":false},"excerpt":{"rendered":"<p>Kitarist improvizator. Zaljubljenec v petdeseta, \u0161estdeseta, sedemdeseta, osemdeseta in devetdeseta leta dvajsetega stoletja.<\/p>\n","protected":false},"author":1,"featured_media":958,"parent":17,"menu_order":0,"comment_status":"closed","ping_status":"closed","template":"artist.php","meta":{"footnotes":""},"class_list":["post-165","page","type-page","status-publish","has-post-thumbnail","hentry"],"wps_subtitle":"","_links":{"self":[{"href":"https:\/\/sop-records.org\/index.php?rest_route=\/wp\/v2\/pages\/165","targetHints":{"allow":["GET"]}}],"collection":[{"href":"https:\/\/sop-records.org\/index.php?rest_route=\/wp\/v2\/pages"}],"about":[{"href":"https:\/\/sop-records.org\/index.php?rest_route=\/wp\/v2\/types\/page"}],"author":[{"embeddable":true,"href":"https:\/\/sop-records.org\/index.php?rest_route=\/wp\/v2\/users\/1"}],"replies":[{"embeddable":true,"href":"https:\/\/sop-records.org\/index.php?rest_route=%2Fwp%2Fv2%2Fcomments&post=165"}],"version-history":[{"count":5,"href":"https:\/\/sop-records.org\/index.php?rest_route=\/wp\/v2\/pages\/165\/revisions"}],"predecessor-version":[{"id":1793,"href":"https:\/\/sop-records.org\/index.php?rest_route=\/wp\/v2\/pages\/165\/revisions\/1793"}],"up":[{"embeddable":true,"href":"https:\/\/sop-records.org\/index.php?rest_route=\/wp\/v2\/pages\/17"}],"wp:featuredmedia":[{"embeddable":true,"href":"https:\/\/sop-records.org\/index.php?rest_route=\/wp\/v2\/media\/958"}],"wp:attachment":[{"href":"https:\/\/sop-records.org\/index.php?rest_route=%2Fwp%2Fv2%2Fmedia&parent=165"}],"curies":[{"name":"wp","href":"https:\/\/api.w.org\/{rel}","templated":true}]}}