{"id":2451,"date":"2019-09-15T13:48:00","date_gmt":"2019-09-15T11:48:00","guid":{"rendered":"http:\/\/sop-records.org\/?page_id=2451"},"modified":"2019-09-19T09:53:04","modified_gmt":"2019-09-19T07:53:04","slug":"kita","status":"publish","type":"page","link":"https:\/\/sop-records.org\/?page_id=2451","title":{"rendered":"KITA"},"content":{"rendered":"\n<p>Kamni\u0161ki nojzerji, podalpski prismuki. Prvenec HEPIBRZDEJ iz\u0161el pri zalo\u017ebi Mlamol (2009). Sledili so \u0161e singl, WE PISS IN THE WOODS (2009), kraj\u0161i EP TWO NEW HITS! (2011), ter sodelovanje na tretji kompilaciji Mlamola, Kapljice+++: Kri (2013) s komadom FLOOD THE EMPIRE (INFORMER MIX) iz leta 2011. KITA nam zagotavlja, da je 6 let najavljen LP ART \u0161e vedno v delu. <\/p>\n","protected":false},"excerpt":{"rendered":"<p>Kamni\u0161ki nojzerji, podalpski prismuki. Prvenec HEPIBRZDEJ iz\u0161el pri zalo\u017ebi Mlamol (2009). Sledili so \u0161e singl, WE PISS IN THE WOODS (2009), kraj\u0161i EP TWO NEW HITS! (2011), ter sodelovanje na tretji kompilaciji Mlamola, Kapljice+++: Kri (2013) s komadom FLOOD THE EMPIRE (INFORMER MIX) iz leta 2011. KITA nam zagotavlja, da je 6 let najavljen LP [&hellip;]<\/p>\n","protected":false},"author":1,"featured_media":2452,"parent":17,"menu_order":0,"comment_status":"closed","ping_status":"closed","template":"artist.php","meta":{"footnotes":""},"class_list":["post-2451","page","type-page","status-publish","has-post-thumbnail","hentry"],"wps_subtitle":"","_links":{"self":[{"href":"https:\/\/sop-records.org\/index.php?rest_route=\/wp\/v2\/pages\/2451","targetHints":{"allow":["GET"]}}],"collection":[{"href":"https:\/\/sop-records.org\/index.php?rest_route=\/wp\/v2\/pages"}],"about":[{"href":"https:\/\/sop-records.org\/index.php?rest_route=\/wp\/v2\/types\/page"}],"author":[{"embeddable":true,"href":"https:\/\/sop-records.org\/index.php?rest_route=\/wp\/v2\/users\/1"}],"replies":[{"embeddable":true,"href":"https:\/\/sop-records.org\/index.php?rest_route=%2Fwp%2Fv2%2Fcomments&post=2451"}],"version-history":[{"count":4,"href":"https:\/\/sop-records.org\/index.php?rest_route=\/wp\/v2\/pages\/2451\/revisions"}],"predecessor-version":[{"id":2456,"href":"https:\/\/sop-records.org\/index.php?rest_route=\/wp\/v2\/pages\/2451\/revisions\/2456"}],"up":[{"embeddable":true,"href":"https:\/\/sop-records.org\/index.php?rest_route=\/wp\/v2\/pages\/17"}],"wp:featuredmedia":[{"embeddable":true,"href":"https:\/\/sop-records.org\/index.php?rest_route=\/wp\/v2\/media\/2452"}],"wp:attachment":[{"href":"https:\/\/sop-records.org\/index.php?rest_route=%2Fwp%2Fv2%2Fmedia&parent=2451"}],"curies":[{"name":"wp","href":"https:\/\/api.w.org\/{rel}","templated":true}]}}