{"id":2956,"date":"2020-09-17T09:39:04","date_gmt":"2020-09-17T07:39:04","guid":{"rendered":"http:\/\/sop-records.org\/?page_id=2956"},"modified":"2020-09-17T09:39:05","modified_gmt":"2020-09-17T07:39:05","slug":"crn-skrat","status":"publish","type":"page","link":"https:\/\/sop-records.org\/?page_id=2956","title":{"rendered":"\u010crn \u0160krat"},"content":{"rendered":"<p>Je tm na kav\u010du.<\/p>\n","protected":false},"excerpt":{"rendered":"<p>Je tm na kav\u010du.<\/p>\n","protected":false},"author":1,"featured_media":2957,"parent":17,"menu_order":0,"comment_status":"closed","ping_status":"closed","template":"artist.php","meta":{"footnotes":""},"class_list":["post-2956","page","type-page","status-publish","has-post-thumbnail","hentry"],"wps_subtitle":"","_links":{"self":[{"href":"https:\/\/sop-records.org\/index.php?rest_route=\/wp\/v2\/pages\/2956","targetHints":{"allow":["GET"]}}],"collection":[{"href":"https:\/\/sop-records.org\/index.php?rest_route=\/wp\/v2\/pages"}],"about":[{"href":"https:\/\/sop-records.org\/index.php?rest_route=\/wp\/v2\/types\/page"}],"author":[{"embeddable":true,"href":"https:\/\/sop-records.org\/index.php?rest_route=\/wp\/v2\/users\/1"}],"replies":[{"embeddable":true,"href":"https:\/\/sop-records.org\/index.php?rest_route=%2Fwp%2Fv2%2Fcomments&post=2956"}],"version-history":[{"count":1,"href":"https:\/\/sop-records.org\/index.php?rest_route=\/wp\/v2\/pages\/2956\/revisions"}],"predecessor-version":[{"id":2958,"href":"https:\/\/sop-records.org\/index.php?rest_route=\/wp\/v2\/pages\/2956\/revisions\/2958"}],"up":[{"embeddable":true,"href":"https:\/\/sop-records.org\/index.php?rest_route=\/wp\/v2\/pages\/17"}],"wp:featuredmedia":[{"embeddable":true,"href":"https:\/\/sop-records.org\/index.php?rest_route=\/wp\/v2\/media\/2957"}],"wp:attachment":[{"href":"https:\/\/sop-records.org\/index.php?rest_route=%2Fwp%2Fv2%2Fmedia&parent=2956"}],"curies":[{"name":"wp","href":"https:\/\/api.w.org\/{rel}","templated":true}]}}