{"id":3838,"date":"2022-02-07T09:27:01","date_gmt":"2022-02-07T08:27:01","guid":{"rendered":"https:\/\/sop-records.org\/?page_id=3838"},"modified":"2022-02-07T09:27:02","modified_gmt":"2022-02-07T08:27:02","slug":"s-moki","status":"publish","type":"page","link":"https:\/\/sop-records.org\/?page_id=3838","title":{"rendered":"S. Moki"},"content":{"rendered":"<p>Simon Filip Moki, oz. umetni\u0161ko ime S. Moki &#8211; ko je bil star 4 leta sta se star\u0161a lo\u010dila in so \u0161li \u017eivet v Paragvaj, se pa je po dveh letih vrnil k o\u010detu v Morav\u010de. Nekaj \u010dasa je delal kot bademajster v moravskih toplicah, kasneje pa je ugotovil, da bo raj\u0161i svoje delo in \u017eivljenje posvetil delanju glasbe. V paragvaju je skor umru, ker je alergi\u010den na ara\u0161ide, pa tega takrat \u0161e niso vedeli in je valda hotu jest nickers.<\/p>\n","protected":false},"excerpt":{"rendered":"<p>Simon Filip Moki, oz. umetni\u0161ko ime S. Moki &#8211; ko je bil star 4 leta sta se star\u0161a lo\u010dila in so \u0161li \u017eivet v Paragvaj, se pa je po dveh letih vrnil k o\u010detu v Morav\u010de. Nekaj \u010dasa je delal kot bademajster v moravskih toplicah, kasneje pa je ugotovil, da bo raj\u0161i svoje delo in [&hellip;]<\/p>\n","protected":false},"author":1,"featured_media":3839,"parent":17,"menu_order":0,"comment_status":"closed","ping_status":"closed","template":"artist.php","meta":{"footnotes":""},"class_list":["post-3838","page","type-page","status-publish","has-post-thumbnail","hentry"],"wps_subtitle":"","_links":{"self":[{"href":"https:\/\/sop-records.org\/index.php?rest_route=\/wp\/v2\/pages\/3838","targetHints":{"allow":["GET"]}}],"collection":[{"href":"https:\/\/sop-records.org\/index.php?rest_route=\/wp\/v2\/pages"}],"about":[{"href":"https:\/\/sop-records.org\/index.php?rest_route=\/wp\/v2\/types\/page"}],"author":[{"embeddable":true,"href":"https:\/\/sop-records.org\/index.php?rest_route=\/wp\/v2\/users\/1"}],"replies":[{"embeddable":true,"href":"https:\/\/sop-records.org\/index.php?rest_route=%2Fwp%2Fv2%2Fcomments&post=3838"}],"version-history":[{"count":1,"href":"https:\/\/sop-records.org\/index.php?rest_route=\/wp\/v2\/pages\/3838\/revisions"}],"predecessor-version":[{"id":3840,"href":"https:\/\/sop-records.org\/index.php?rest_route=\/wp\/v2\/pages\/3838\/revisions\/3840"}],"up":[{"embeddable":true,"href":"https:\/\/sop-records.org\/index.php?rest_route=\/wp\/v2\/pages\/17"}],"wp:featuredmedia":[{"embeddable":true,"href":"https:\/\/sop-records.org\/index.php?rest_route=\/wp\/v2\/media\/3839"}],"wp:attachment":[{"href":"https:\/\/sop-records.org\/index.php?rest_route=%2Fwp%2Fv2%2Fmedia&parent=3838"}],"curies":[{"name":"wp","href":"https:\/\/api.w.org\/{rel}","templated":true}]}}