{"id":5088,"date":"2023-10-28T09:54:07","date_gmt":"2023-10-28T07:54:07","guid":{"rendered":"https:\/\/sop-records.org\/?page_id=5088"},"modified":"2023-10-28T09:54:07","modified_gmt":"2023-10-28T07:54:07","slug":"climate-doom","status":"publish","type":"page","link":"https:\/\/sop-records.org\/?page_id=5088","title":{"rendered":"CLIMATE DOOM"},"content":{"rendered":"<p>zdej muska \u017eou ni doom ampak to mogo\u010d \u0161e pride &#8230;<\/p>\n","protected":false},"excerpt":{"rendered":"<p>zdej muska \u017eou ni doom ampak to mogo\u010d \u0161e pride &#8230;<\/p>\n","protected":false},"author":1,"featured_media":5089,"parent":17,"menu_order":0,"comment_status":"closed","ping_status":"closed","template":"artist.php","meta":{"footnotes":""},"class_list":["post-5088","page","type-page","status-publish","has-post-thumbnail","hentry"],"wps_subtitle":"","_links":{"self":[{"href":"https:\/\/sop-records.org\/index.php?rest_route=\/wp\/v2\/pages\/5088","targetHints":{"allow":["GET"]}}],"collection":[{"href":"https:\/\/sop-records.org\/index.php?rest_route=\/wp\/v2\/pages"}],"about":[{"href":"https:\/\/sop-records.org\/index.php?rest_route=\/wp\/v2\/types\/page"}],"author":[{"embeddable":true,"href":"https:\/\/sop-records.org\/index.php?rest_route=\/wp\/v2\/users\/1"}],"replies":[{"embeddable":true,"href":"https:\/\/sop-records.org\/index.php?rest_route=%2Fwp%2Fv2%2Fcomments&post=5088"}],"version-history":[{"count":1,"href":"https:\/\/sop-records.org\/index.php?rest_route=\/wp\/v2\/pages\/5088\/revisions"}],"predecessor-version":[{"id":5090,"href":"https:\/\/sop-records.org\/index.php?rest_route=\/wp\/v2\/pages\/5088\/revisions\/5090"}],"up":[{"embeddable":true,"href":"https:\/\/sop-records.org\/index.php?rest_route=\/wp\/v2\/pages\/17"}],"wp:featuredmedia":[{"embeddable":true,"href":"https:\/\/sop-records.org\/index.php?rest_route=\/wp\/v2\/media\/5089"}],"wp:attachment":[{"href":"https:\/\/sop-records.org\/index.php?rest_route=%2Fwp%2Fv2%2Fmedia&parent=5088"}],"curies":[{"name":"wp","href":"https:\/\/api.w.org\/{rel}","templated":true}]}}