{"id":5443,"date":"2024-03-22T09:20:51","date_gmt":"2024-03-22T08:20:51","guid":{"rendered":"https:\/\/sop-records.org\/?page_id=5443"},"modified":"2024-03-22T09:20:55","modified_gmt":"2024-03-22T08:20:55","slug":"fekalni-madez","status":"publish","type":"page","link":"https:\/\/sop-records.org\/?page_id=5443","title":{"rendered":"fekalni made\u017e"},"content":{"rendered":"<p>Prvi gugl zadetek. <em>Fekalni made\u017e<\/em> potuje po\u010dasi, \u010dez od tri do \u0161tiri dni bo v Postojnski jami. Made\u017e se zdaj pribli\u017euje zagonskemu mlinu.<\/p>\n","protected":false},"excerpt":{"rendered":"<p>Prvi gugl zadetek. Fekalni made\u017e potuje po\u010dasi, \u010dez od tri do \u0161tiri dni bo v Postojnski jami. Made\u017e se zdaj pribli\u017euje zagonskemu mlinu.<\/p>\n","protected":false},"author":1,"featured_media":5444,"parent":17,"menu_order":0,"comment_status":"closed","ping_status":"closed","template":"artist.php","meta":{"footnotes":""},"class_list":["post-5443","page","type-page","status-publish","has-post-thumbnail","hentry"],"wps_subtitle":"","_links":{"self":[{"href":"https:\/\/sop-records.org\/index.php?rest_route=\/wp\/v2\/pages\/5443","targetHints":{"allow":["GET"]}}],"collection":[{"href":"https:\/\/sop-records.org\/index.php?rest_route=\/wp\/v2\/pages"}],"about":[{"href":"https:\/\/sop-records.org\/index.php?rest_route=\/wp\/v2\/types\/page"}],"author":[{"embeddable":true,"href":"https:\/\/sop-records.org\/index.php?rest_route=\/wp\/v2\/users\/1"}],"replies":[{"embeddable":true,"href":"https:\/\/sop-records.org\/index.php?rest_route=%2Fwp%2Fv2%2Fcomments&post=5443"}],"version-history":[{"count":1,"href":"https:\/\/sop-records.org\/index.php?rest_route=\/wp\/v2\/pages\/5443\/revisions"}],"predecessor-version":[{"id":5445,"href":"https:\/\/sop-records.org\/index.php?rest_route=\/wp\/v2\/pages\/5443\/revisions\/5445"}],"up":[{"embeddable":true,"href":"https:\/\/sop-records.org\/index.php?rest_route=\/wp\/v2\/pages\/17"}],"wp:featuredmedia":[{"embeddable":true,"href":"https:\/\/sop-records.org\/index.php?rest_route=\/wp\/v2\/media\/5444"}],"wp:attachment":[{"href":"https:\/\/sop-records.org\/index.php?rest_route=%2Fwp%2Fv2%2Fmedia&parent=5443"}],"curies":[{"name":"wp","href":"https:\/\/api.w.org\/{rel}","templated":true}]}}