{"id":695,"date":"2015-06-02T19:40:44","date_gmt":"2015-06-02T17:40:44","guid":{"rendered":"http:\/\/sop-records.org\/?page_id=695"},"modified":"2015-06-02T19:40:44","modified_gmt":"2015-06-02T17:40:44","slug":"dishimir-bazdiman","status":"publish","type":"page","link":"https:\/\/sop-records.org\/?page_id=695","title":{"rendered":"Dishimir &#038; Bazdiman"},"content":{"rendered":"<p>Dimski dvojec iz Metlike in Semi\u010da, gozdarja in vrtnarja, ki se opisujeta kot ljubitelja naravnih pritiklin, spro\u0161\u010dujo\u010dih tapkanj in \u0161umskega pristopa h godbi. Zagovornika zdrave hrane, ker pa rada zaideta na hamburger, se tudi njuna zvo\u010dnost \u010desto spodvije pod hitrimi, so\u010dnimi re\u0161itvami z majonezo. <\/p>\n","protected":false},"excerpt":{"rendered":"<p>Dimski dvojec iz Metlike in Semi\u010da, gozdarja in vrtnarja, ki se opisujeta kot ljubitelja naravnih pritiklin, spro\u0161\u010dujo\u010dih tapkanj in \u0161umskega pristopa h godbi. Zagovornika zdrave hrane, ker pa rada zaideta na hamburger, se tudi njuna zvo\u010dnost \u010desto spodvije pod hitrimi, so\u010dnimi re\u0161itvami z majonezo.<\/p>\n","protected":false},"author":1,"featured_media":696,"parent":17,"menu_order":0,"comment_status":"open","ping_status":"open","template":"artist.php","meta":{"footnotes":""},"class_list":["post-695","page","type-page","status-publish","has-post-thumbnail","hentry"],"wps_subtitle":"","_links":{"self":[{"href":"https:\/\/sop-records.org\/index.php?rest_route=\/wp\/v2\/pages\/695","targetHints":{"allow":["GET"]}}],"collection":[{"href":"https:\/\/sop-records.org\/index.php?rest_route=\/wp\/v2\/pages"}],"about":[{"href":"https:\/\/sop-records.org\/index.php?rest_route=\/wp\/v2\/types\/page"}],"author":[{"embeddable":true,"href":"https:\/\/sop-records.org\/index.php?rest_route=\/wp\/v2\/users\/1"}],"replies":[{"embeddable":true,"href":"https:\/\/sop-records.org\/index.php?rest_route=%2Fwp%2Fv2%2Fcomments&post=695"}],"version-history":[{"count":2,"href":"https:\/\/sop-records.org\/index.php?rest_route=\/wp\/v2\/pages\/695\/revisions"}],"predecessor-version":[{"id":698,"href":"https:\/\/sop-records.org\/index.php?rest_route=\/wp\/v2\/pages\/695\/revisions\/698"}],"up":[{"embeddable":true,"href":"https:\/\/sop-records.org\/index.php?rest_route=\/wp\/v2\/pages\/17"}],"wp:featuredmedia":[{"embeddable":true,"href":"https:\/\/sop-records.org\/index.php?rest_route=\/wp\/v2\/media\/696"}],"wp:attachment":[{"href":"https:\/\/sop-records.org\/index.php?rest_route=%2Fwp%2Fv2%2Fmedia&parent=695"}],"curies":[{"name":"wp","href":"https:\/\/api.w.org\/{rel}","templated":true}]}}