{"id":85,"date":"2013-08-01T00:32:37","date_gmt":"2013-07-31T22:32:37","guid":{"rendered":"http:\/\/sop-records.org\/?page_id=85"},"modified":"2015-02-23T11:48:14","modified_gmt":"2015-02-23T10:48:14","slug":"s-o-p-shop","status":"publish","type":"page","link":"https:\/\/sop-records.org\/?page_id=85","title":{"rendered":"\u0160OP Shop"},"content":{"rendered":"<p>\u0160OP\u00a0Shop<\/p>\n<p>&nbsp;<\/p>\n<p>Naro\u010dila sprejemamo preko mejla na diler(at)sop-records.org. Prevzem le osebno. Mo\u017enost dru\u017eenja z osebjem zalo\u017ebe ob nakupu. Lahko tudi z artisti, \u010de jih ulovimo.<\/p>\n<p>Z Dilerjem se da zmenit tudi za zadeve, ki jih ni v spodnjem katalogu. Kontaktirajte, vpra\u0161ajte, stegnite roke!<\/p>\n<p>\u010cakalne dobe so odvisne od Dilerja in dobaviteljev. CD okvirno 1 teden, LP okvirno mesec in pol.<\/p>\n<p>&nbsp;<\/p>\n<p>&#8212;<\/p>\n<p>&nbsp;<\/p>\n<p>DJ POTREBUJE\u0160 &amp; JOZO ELEKTRONIK &#8211; THE COMPLETE BASEMENT SESSIONS BOX SET (5CD SET)<\/p>\n<p>5X CD<br \/>\nPOSTER<br \/>\nAVTOGRAM (opcijsko, \u010de se ulovi avtorje)<\/p>\n<p><strong>20\u20ac<\/strong><\/p>\n<p><a href=\"https:\/\/sop-records.org\/wp-content\/uploads\/2013\/08\/box_set_vkup.jpg\"><img loading=\"lazy\" decoding=\"async\" class=\"alignnone size-medium wp-image-235\" src=\"https:\/\/sop-records.org\/wp-content\/uploads\/2013\/08\/box_set_vkup-200x146.jpg\" alt=\"box_set_vkup\" width=\"200\" height=\"146\" srcset=\"https:\/\/sop-records.org\/wp-content\/uploads\/2013\/08\/box_set_vkup-200x146.jpg 200w, https:\/\/sop-records.org\/wp-content\/uploads\/2013\/08\/box_set_vkup.jpg 480w\" sizes=\"auto, (max-width: 200px) 100vw, 200px\" \/><\/a><\/p>\n<p><a href=\"https:\/\/sop-records.org\/wp-content\/uploads\/2013\/08\/box_set.jpg\"><img loading=\"lazy\" decoding=\"async\" class=\"alignnone size-medium wp-image-234\" src=\"https:\/\/sop-records.org\/wp-content\/uploads\/2013\/08\/box_set-196x200.jpg\" alt=\"box_set\" width=\"196\" height=\"200\" srcset=\"https:\/\/sop-records.org\/wp-content\/uploads\/2013\/08\/box_set-196x200.jpg 196w, https:\/\/sop-records.org\/wp-content\/uploads\/2013\/08\/box_set-1181x1200.jpg 1181w, https:\/\/sop-records.org\/wp-content\/uploads\/2013\/08\/box_set-600x609.jpg 600w, https:\/\/sop-records.org\/wp-content\/uploads\/2013\/08\/box_set.jpg 1600w\" sizes=\"auto, (max-width: 196px) 100vw, 196px\" \/><\/a><\/p>\n<p>&nbsp;<\/p>\n<p>&#8212;<\/p>\n<p>&nbsp;<\/p>\n<p>JOZO ELEKTRONIK &#8211; SEKO SLU\u0160AJ!<\/p>\n<p>1X LP<\/p>\n<p><strong>80\u20ac<\/strong><\/p>\n<p><a href=\"https:\/\/sop-records.org\/wp-content\/uploads\/2014\/03\/Cover.jpg\"><img loading=\"lazy\" decoding=\"async\" class=\"alignnone size-medium wp-image-213\" src=\"https:\/\/sop-records.org\/wp-content\/uploads\/2014\/03\/Cover-200x198.jpg\" alt=\"Cover\" width=\"200\" height=\"198\" srcset=\"https:\/\/sop-records.org\/wp-content\/uploads\/2014\/03\/Cover-200x198.jpg 200w, https:\/\/sop-records.org\/wp-content\/uploads\/2014\/03\/Cover-150x150.jpg 150w, https:\/\/sop-records.org\/wp-content\/uploads\/2014\/03\/Cover-600x596.jpg 600w, https:\/\/sop-records.org\/wp-content\/uploads\/2014\/03\/Cover.jpg 1200w\" sizes=\"auto, (max-width: 200px) 100vw, 200px\" \/><\/a><\/p>\n<p>&nbsp;<\/p>\n<p>&#8212;<\/p>\n<p>&nbsp;<\/p>\n<p>JOZO ELEKTRONIK FEAT. DJ POTREBUJE\u0160 &#8211; PESMI ZA MOJO MAMO<\/p>\n<p>1X LP<\/p>\n<p><strong>80\u20ac<\/strong><\/p>\n<p><a href=\"https:\/\/sop-records.org\/wp-content\/uploads\/2013\/07\/coverAlt.jpg\"><img loading=\"lazy\" decoding=\"async\" class=\"alignnone size-medium wp-image-189\" src=\"https:\/\/sop-records.org\/wp-content\/uploads\/2013\/07\/coverAlt-200x200.jpg\" alt=\"coverAlt\" width=\"200\" height=\"200\" srcset=\"https:\/\/sop-records.org\/wp-content\/uploads\/2013\/07\/coverAlt-200x200.jpg 200w, https:\/\/sop-records.org\/wp-content\/uploads\/2013\/07\/coverAlt-150x150.jpg 150w, https:\/\/sop-records.org\/wp-content\/uploads\/2013\/07\/coverAlt.jpg 1200w\" sizes=\"auto, (max-width: 200px) 100vw, 200px\" \/><\/a><\/p>\n<p>&nbsp;<\/p>\n<p>&#8212;<\/p>\n","protected":false},"excerpt":{"rendered":"<p>\u0160OP\u00a0Shop &nbsp; Naro\u010dila sprejemamo preko mejla na diler(at)sop-records.org. Prevzem le osebno. Mo\u017enost dru\u017eenja z osebjem zalo\u017ebe ob nakupu. Lahko tudi z artisti, \u010de jih ulovimo. Z Dilerjem se da zmenit tudi za zadeve, ki jih ni v spodnjem katalogu. Kontaktirajte, vpra\u0161ajte, stegnite roke! \u010cakalne dobe so odvisne od Dilerja in dobaviteljev. CD okvirno 1 teden, [&hellip;]<\/p>\n","protected":false},"author":1,"featured_media":0,"parent":0,"menu_order":0,"comment_status":"open","ping_status":"open","template":"","meta":{"footnotes":""},"class_list":["post-85","page","type-page","status-publish","hentry"],"wps_subtitle":"","_links":{"self":[{"href":"https:\/\/sop-records.org\/index.php?rest_route=\/wp\/v2\/pages\/85","targetHints":{"allow":["GET"]}}],"collection":[{"href":"https:\/\/sop-records.org\/index.php?rest_route=\/wp\/v2\/pages"}],"about":[{"href":"https:\/\/sop-records.org\/index.php?rest_route=\/wp\/v2\/types\/page"}],"author":[{"embeddable":true,"href":"https:\/\/sop-records.org\/index.php?rest_route=\/wp\/v2\/users\/1"}],"replies":[{"embeddable":true,"href":"https:\/\/sop-records.org\/index.php?rest_route=%2Fwp%2Fv2%2Fcomments&post=85"}],"version-history":[{"count":14,"href":"https:\/\/sop-records.org\/index.php?rest_route=\/wp\/v2\/pages\/85\/revisions"}],"predecessor-version":[{"id":233,"href":"https:\/\/sop-records.org\/index.php?rest_route=\/wp\/v2\/pages\/85\/revisions\/233"}],"wp:attachment":[{"href":"https:\/\/sop-records.org\/index.php?rest_route=%2Fwp%2Fv2%2Fmedia&parent=85"}],"curies":[{"name":"wp","href":"https:\/\/api.w.org\/{rel}","templated":true}]}}