{"id":9,"date":"2013-07-29T16:50:57","date_gmt":"2013-07-29T16:50:57","guid":{"rendered":"http:\/\/sop-records.org\/?page_id=9"},"modified":"2024-01-11T13:17:54","modified_gmt":"2024-01-11T12:17:54","slug":"s-o-p-f-a-q","status":"publish","type":"page","link":"https:\/\/sop-records.org\/?page_id=9","title":{"rendered":"\u0160OP FAQ"},"content":{"rendered":"<div class=\"wp-block-image\">\n<figure class=\"aligncenter\"><img loading=\"lazy\" decoding=\"async\" width=\"500\" height=\"281\" src=\"https:\/\/sop-records.org\/wp-content\/uploads\/2013\/07\/\u0160OP_Lights_500.gif\" alt=\"\u0160OP_Lights_500\" class=\"wp-image-1223\"\/><\/figure>\n<\/div>\n\n\n<div style=\"height:10px\" aria-hidden=\"true\" class=\"wp-block-spacer\"><\/div>\n\n\n\n<p class=\"has-text-align-center\"><strong>..:: \u0160OP Records ::..<\/strong><\/p>\n\n\n\n<p class=\"has-text-align-center\">Podpodna zalo\u017eba.<br>Izdamo vse, razen prjatlov.<br>Zalo\u017eimo nosilce zvoka.<br>Po potrebi tudi najdemo.<\/p>\n\n\n\n<p class=\"has-text-align-left\">Kiks ni eden.<\/p>\n\n\n\n<p class=\"has-text-align-center\">Kon\u010dane in nekon\u010dane kompozicije.<\/p>\n\n\n\n<p class=\"has-text-align-center\">&#8212;<\/p>\n\n\n\n<p class=\"has-text-align-center\"><a href=\"https:\/\/soprecords.bandcamp.com\/\">BANDCAMP<\/a><br><a href=\"https:\/\/soundcloud.com\/sop-records\">SOUNDCLOUD<\/a><br><a href=\"https:\/\/www.youtube.com\/channel\/UC97wqWa4EQYDAehPMxfE5mg\">YOUTUBE<\/a><br><a href=\"https:\/\/www.discogs.com\/label\/888682-%C5%A0OP-Records\">DISCOGS<\/a><\/p>\n\n\n\n<p class=\"has-text-align-center\"><a href=\"https:\/\/sl.wikipedia.org\/wiki\/%C5%A0OP_Records\">WIKI<\/a> (hvala, Marko!)<\/p>\n\n\n\n<p class=\"has-text-align-center\">&#8212;<\/p>\n\n\n\n<p class=\"has-text-align-center\"><strong>M A N I F E S T<\/strong><\/p>\n\n\n\n<p class=\"has-text-align-center\"><a href=\"http:\/\/www.sigic.si\/sop-records-splanice-nad-prepadi.html\">Se bere tu &#8230;<\/a><\/p>\n\n\n\n<p class=\"has-text-align-center\">&#8212;<\/p>\n\n\n\n<p class=\"has-text-align-center\"><strong>Kontakt:<\/strong><\/p>\n\n\n\n<p class=\"has-text-align-center\">diler[na]sop-records.org<\/p>\n\n\n\n<p class=\"has-text-align-center\">&#8212;<\/p>\n\n\n\n<p class=\"has-text-align-center\"><strong>Booking&#8217;n&#8217;stuff:<\/strong><\/p>\n\n\n\n<p class=\"has-text-align-center\">menedzerka[na]sop-records.org<\/p>\n\n\n\n<p class=\"has-text-align-center\">&#8212;<\/p>\n\n\n\n<p class=\"has-text-align-center\"><strong>O Zalo\u017ebi:<\/strong><\/p>\n\n\n\n<p class=\"has-text-align-center\">\u0160OP Records se je povila med pripeko trinajstega leta tretjega tiso\u010dletja.<\/p>\n\n\n\n<p class=\"has-text-align-center\">&#8212;<\/p>\n\n\n\n<p class=\"has-text-align-center\"><strong>Naro\u010di se na \u0160OP Novice:<\/strong><\/p>\n\n\n\n<p class=\"has-text-align-center\">Stisn mejl na diler[na]sop-records.org<\/p>\n\n\n\n<p class=\"has-text-align-center\">&#8212;<\/p>\n\n\n\n<p class=\"has-text-align-center\"><strong>Raziskuj! Obo\u017euj!<\/strong><\/p>\n\n\n\n<p class=\"has-text-align-center\">Vrstni red naklju\u010den!<\/p>\n\n\n\n<p class=\"has-text-align-center\">&#8211;<\/p>\n\n\n\n<p class=\"has-text-align-center\"><a href=\"http:\/\/fimuthe.org\" target=\"blank\" rel=\"noopener noreferrer\">http:\/\/fimuthe.org<\/a><\/p>\n\n\n\n<p class=\"has-text-align-center\"><a href=\"http:\/\/kudanarhiv.org\/\" target=\"blank\" rel=\"noopener noreferrer\">http:\/\/kudanarhiv.org\/<\/a><\/p>\n\n\n\n<p class=\"has-text-align-center\"><a href=\"http:\/\/mlamol.weebly.com\" target=\"blank\" rel=\"noopener noreferrer\">http:\/\/mlamol.weebly.com<\/a><\/p>\n\n\n\n<p class=\"has-text-align-center\"><a href=\"http:\/\/kaktuskaktus.tumblr.com\/\" target=\"blank\" rel=\"noopener noreferrer\">http:\/\/kaktuskaktus.tumblr.com\/<\/a><\/p>\n\n\n\n<p class=\"has-text-align-center\"><a href=\"http:\/\/radiostudent.si\" target=\"blank\" rel=\"noopener noreferrer\">http:\/\/radiostudent.si<\/a><\/p>\n\n\n\n<p class=\"has-text-align-center\"><a href=\"http:\/\/en.wikipedia.org\/wiki\/Pikachu\" target=\"blank\" rel=\"noopener noreferrer\">http:\/\/en.wikipedia.org\/wiki\/Pikachu<\/a><\/p>\n\n\n\n<p class=\"has-text-align-center\"><a href=\"http:\/\/murvinsin.blogspot.com\/\" target=\"blank\" rel=\"noopener noreferrer\">http:\/\/murvinsin.blogspot.com\/<\/a><\/p>\n\n\n\n<p class=\"has-text-align-center\"><a href=\"http:\/\/nova-vest.blogspot.com\/\" target=\"blank\" rel=\"noopener noreferrer\">http:\/\/nova-vest.blogspot.com\/<\/a><\/p>\n\n\n\n<p class=\"has-text-align-center\"><a href=\"http:\/\/c-v-a-j.blogspot.com\/\" target=\"blank\" rel=\"noopener noreferrer\">http:\/\/c-v-a-j.blogspot.com\/<\/a><\/p>\n\n\n\n<p class=\"has-text-align-center\"><a href=\"http:\/\/delomozz.blogspot.com\/\" target=\"blank\" rel=\"noopener noreferrer\">http:\/\/delomozz.blogspot.com\/<\/a><\/p>\n\n\n\n<p class=\"has-text-align-center\"><a href=\"http:\/\/kaktuskaktus.com\/\" target=\"blank\" rel=\"noopener noreferrer\">http:\/\/kaktuskaktus.com\/<\/a><\/p>\n\n\n\n<p class=\"has-text-align-center\"><a href=\"http:\/\/drugaramzesakvazidokument.blogspot.com\/\" target=\"blank\" rel=\"noopener noreferrer\">http:\/\/drugaramzesakvazidokument.blogspot.com\/<\/a><\/p>\n\n\n\n<p class=\"has-text-align-center\"><a href=\"http:\/\/s-o-v-a.blogspot.com\/\" target=\"blank\" rel=\"noopener noreferrer\">http:\/\/s-o-v-a.blogspot.com\/<\/a><\/p>\n\n\n\n<p class=\"has-text-align-center\"><a href=\"http:\/\/ahogonsindustrialguide.blogspot.com\/\" target=\"blank\" rel=\"noopener noreferrer\">http:\/\/ahogonsindustrialguide.blogspot.com\/<\/a><\/p>\n\n\n\n<p class=\"has-text-align-center\"><a href=\"http:\/\/hroszcz.blogspot.com\/\" target=\"blank\" rel=\"noopener noreferrer\">http:\/\/hroszcz.blogspot.com\/<\/a><\/p>\n\n\n\n<p class=\"has-text-align-center\"><a href=\"https:\/\/soundcloud.com\/kaganovich\/\">https:\/\/soundcloud.com\/kaganovich\/<\/a><\/p>\n\n\n\n<p class=\"has-text-align-center\"><a href=\"https:\/\/soundcloud.com\/delomozz\/\">https:\/\/soundcloud.com\/delomozz\/<\/a><\/p>\n\n\n\n<p class=\"has-text-align-center\"><a href=\"https:\/\/soundcloud.com\/djjemin\/\">https:\/\/soundcloud.com\/djjemin\/<\/a><\/p>\n\n\n\n<p class=\"has-text-align-center\"><a href=\"https:\/\/soundcloud.com\/cvaj-1\/\">https:\/\/soundcloud.com\/cvaj-1\/<\/a><\/p>\n\n\n\n<p class=\"has-text-align-center\"><a href=\"https:\/\/soundcloud.com\/ominje\/\">https:\/\/soundcloud.com\/ominje\/<\/a><\/p>\n\n\n\n<p class=\"has-text-align-center\"><a href=\"https:\/\/soundcloud.com\/kaktuskaktus\/\">https:\/\/soundcloud.com\/kaktuskaktus\/<\/a><\/p>\n\n\n\n<p class=\"has-text-align-center\"><a href=\"http:\/\/ninacvar.si\/\" target=\"blank\" rel=\"noopener noreferrer\">http:\/\/ninacvar.si\/<\/a><\/p>\n\n\n\n<p class=\"has-text-align-center\"><a href=\"http:\/\/ocvirki.blogspot.com\/\" target=\"blank\" rel=\"noopener noreferrer\">http:\/\/ocvirki.blogspot.com\/<\/a><\/p>\n\n\n\n<p class=\"has-text-align-center\"><a href=\"http:\/\/www.hyphendot.com\/\" target=\"blanl\" rel=\"noopener noreferrer\">http:\/\/www.hyphendot.com\/<\/a><\/p>\n\n\n\n<p class=\"has-text-align-center\"><a href=\"http:\/\/www.radiostudent.si\/glasba\/rostfraj\/\" target=\"blank\" rel=\"noopener noreferrer\">http:\/\/www.radiostudent.si\/glasba\/rostfraj\/<\/a><\/p>\n\n\n\n<p class=\"has-text-align-center\"><a href=\"https:\/\/cloud-chamber.bandcamp.com\/\">https:\/\/cloud-chamber.bandcamp.com\/<\/a><\/p>\n\n\n\n<p class=\"has-text-align-center\"><a href=\"https:\/\/botanicrecords.bandcamp.com\/\">https:\/\/botanicrecords.bandcamp.com\/<\/a><\/p>\n\n\n\n<p class=\"has-text-align-center\"><a href=\"https:\/\/zvocniprepihi.bandcamp.com\/\">https:\/\/zvocniprepihi.bandcamp.com\/<\/a><\/p>\n\n\n\n<p class=\"has-text-align-center\"><a href=\"https:\/\/nocband.bandcamp.com\/\">https:\/\/nocband.bandcamp.com\/<\/a><\/p>\n\n\n\n<p class=\"has-text-align-center\"><a href=\"https:\/\/kamizdat.bandcamp.com\/\">https:\/\/kamizdat.bandcamp.com\/<\/a><\/p>\n\n\n\n<p class=\"has-text-align-center\"><a href=\"https:\/\/soundcloud.com\/long-live-the-new-fleshhh\/\">https:\/\/soundcloud.com\/long-live-the-new-fleshhh\/<\/a><\/p>\n\n\n\n<p class=\"has-text-align-center\"><a href=\"https:\/\/balans.bandcamp.com\/\">https:\/\/balans.bandcamp.com\/<\/a><\/p>\n\n\n\n<p class=\"has-text-align-center\"><a href=\"https:\/\/soundcloud.com\/long-live-the-new-fleshhh\">https:\/\/soundcloud.com\/long-live-the-new-fleshhh<\/a><\/p>\n\n\n\n<p class=\"has-text-align-center\"><a href=\"https:\/\/dropsongs.net\/\">https:\/\/dropsongs.net\/<\/a><\/p>\n\n\n\n<p class=\"has-text-align-center\"><a href=\"https:\/\/soundcloud.com\/ssmkosk\">https:\/\/soundcloud.com\/ssmkosk<\/a><\/p>\n\n\n\n<p class=\"has-text-align-center\"><a href=\"https:\/\/soundcloud.com\/r36-1\">https:\/\/soundcloud.com\/r36-1<\/a><\/p>\n\n\n\n<p class=\"has-text-align-center\">&#8212;<\/p>\n\n\n\n<p class=\"has-text-align-center\"><strong>Prihajajo\u010di eventi:<\/strong><\/p>\n\n\n\n<p class=\"has-text-align-center\">&#8212;<\/p>\n\n\n\n<p class=\"has-text-align-center\">KDAJ: Petki in sobote, 20:00<br>KJE: \u0160kratova \u010ditalnica<br>KAJ: Laganica, vaje, chill<\/p>\n\n\n\n<p class=\"has-text-align-center\">&#8212;<\/p>\n\n\n\n<figure class=\"wp-block-image\"><a href=\"https:\/\/sop-records.org\/wp-content\/uploads\/2014\/03\/NDNPG.jpg\"><img loading=\"lazy\" decoding=\"async\" width=\"1077\" height=\"340\" src=\"https:\/\/sop-records.org\/wp-content\/uploads\/2014\/03\/NDNPG.jpg\" alt=\"NDNPG\" class=\"wp-image-348\" srcset=\"https:\/\/sop-records.org\/wp-content\/uploads\/2014\/03\/NDNPG.jpg 1077w, https:\/\/sop-records.org\/wp-content\/uploads\/2014\/03\/NDNPG-200x63.jpg 200w, https:\/\/sop-records.org\/wp-content\/uploads\/2014\/03\/NDNPG-600x189.jpg 600w\" sizes=\"auto, (max-width: 1077px) 100vw, 1077px\" \/><\/a><\/figure>\n\n\n\n<p class=\"has-text-align-center\">&#8212;<\/p>\n\n\n\n<p class=\"has-text-align-center\">Z brskanjem po strani se strinja\u0161, da uporabljamo pi\u0161kotke. Na \u0160OP smo feni pi\u0161kotkov, sve\u017eih.<\/p>\n\n\n\n<p class=\"has-text-align-center\">&#8212;<\/p>\n","protected":false},"excerpt":{"rendered":"<p>..:: \u0160OP Records ::.. Podpodna zalo\u017eba.Izdamo vse, razen prjatlov.Zalo\u017eimo nosilce zvoka.Po potrebi tudi najdemo. Kiks ni eden. Kon\u010dane in nekon\u010dane kompozicije. &#8212; BANDCAMPSOUNDCLOUDYOUTUBEDISCOGS WIKI (hvala, Marko!) &#8212; M A N I F E S T Se bere tu &#8230; &#8212; Kontakt: diler[na]sop-records.org &#8212; Booking&#8217;n&#8217;stuff: menedzerka[na]sop-records.org &#8212; O Zalo\u017ebi: \u0160OP Records se je povila med pripeko [&hellip;]<\/p>\n","protected":false},"author":1,"featured_media":0,"parent":0,"menu_order":0,"comment_status":"closed","ping_status":"closed","template":"","meta":{"footnotes":""},"class_list":["post-9","page","type-page","status-publish","hentry"],"wps_subtitle":"","_links":{"self":[{"href":"https:\/\/sop-records.org\/index.php?rest_route=\/wp\/v2\/pages\/9","targetHints":{"allow":["GET"]}}],"collection":[{"href":"https:\/\/sop-records.org\/index.php?rest_route=\/wp\/v2\/pages"}],"about":[{"href":"https:\/\/sop-records.org\/index.php?rest_route=\/wp\/v2\/types\/page"}],"author":[{"embeddable":true,"href":"https:\/\/sop-records.org\/index.php?rest_route=\/wp\/v2\/users\/1"}],"replies":[{"embeddable":true,"href":"https:\/\/sop-records.org\/index.php?rest_route=%2Fwp%2Fv2%2Fcomments&post=9"}],"version-history":[{"count":76,"href":"https:\/\/sop-records.org\/index.php?rest_route=\/wp\/v2\/pages\/9\/revisions"}],"predecessor-version":[{"id":5315,"href":"https:\/\/sop-records.org\/index.php?rest_route=\/wp\/v2\/pages\/9\/revisions\/5315"}],"wp:attachment":[{"href":"https:\/\/sop-records.org\/index.php?rest_route=%2Fwp%2Fv2%2Fmedia&parent=9"}],"curies":[{"name":"wp","href":"https:\/\/api.w.org\/{rel}","templated":true}]}}